{"id":1602,"date":"2025-11-06T18:07:23","date_gmt":"2025-11-06T18:07:23","guid":{"rendered":"https:\/\/communicareassessoria.com.br\/assessoria-imprensa\/?page_id=1602"},"modified":"2025-11-24T17:44:32","modified_gmt":"2025-11-24T17:44:32","slug":"pesquisa","status":"publish","type":"page","link":"https:\/\/communicareassessoria.com.br\/imprensa\/pesquisa\/","title":{"rendered":"Pesquisa"},"content":{"rendered":"\t\t<div data-elementor-type=\"wp-page\" data-elementor-id=\"1602\" class=\"elementor elementor-1602\">\n\t\t\t\t<div class=\"elementor-element elementor-element-bf2f4d7 e-flex e-con-boxed wpr-particle-no wpr-jarallax-no wpr-parallax-no wpr-sticky-section-no e-con e-parent\" data-id=\"bf2f4d7\" data-element_type=\"container\" data-e-type=\"container\">\n\t\t\t\t\t<div class=\"e-con-inner\">\n\t\t\t\t\t<\/div>\n\t\t\t\t<\/div>\n\t\t<div class=\"elementor-element elementor-element-0726900 e-flex e-con-boxed wpr-particle-no wpr-jarallax-no wpr-parallax-no wpr-sticky-section-no e-con e-parent\" data-id=\"0726900\" data-element_type=\"container\" data-e-type=\"container\">\n\t\t\t\t\t<div class=\"e-con-inner\">\n\t\t\t\t<div class=\"elementor-element elementor-element-c24df77 elementor-widget elementor-widget-spacer\" data-id=\"c24df77\" data-element_type=\"widget\" data-e-type=\"widget\" data-widget_type=\"spacer.default\">\n\t\t\t\t\t\t\t<div class=\"elementor-spacer\">\n\t\t\t<div class=\"elementor-spacer-inner\"><\/div>\n\t\t<\/div>\n\t\t\t\t\t\t<\/div>\n\t\t\t\t\t<\/div>\n\t\t\t\t<\/div>\n\t\t<div class=\"elementor-element elementor-element-a465d16 e-flex e-con-boxed wpr-particle-no wpr-jarallax-no wpr-parallax-no wpr-sticky-section-no e-con e-parent\" data-id=\"a465d16\" data-element_type=\"container\" data-e-type=\"container\">\n\t\t\t\t\t<div class=\"e-con-inner\">\n\t\t\t\t<div class=\"elementor-element elementor-element-80bdd79 elementor-widget elementor-widget-heading\" data-id=\"80bdd79\" data-element_type=\"widget\" data-e-type=\"widget\" data-widget_type=\"heading.default\">\n\t\t\t\t\t<h2 class=\"elementor-heading-title elementor-size-default\">Pesquisa Avan\u00e7ada<\/h2>\t\t\t\t<\/div>\n\t\t\t\t\t<\/div>\n\t\t\t\t<\/div>\n\t\t<div class=\"elementor-element elementor-element-968f12a e-flex e-con-boxed wpr-particle-no wpr-jarallax-no wpr-parallax-no wpr-sticky-section-no e-con e-parent\" data-id=\"968f12a\" data-element_type=\"container\" data-e-type=\"container\">\n\t\t\t\t\t<div class=\"e-con-inner\">\n\t\t\t\t<div class=\"elementor-element elementor-element-3200f36 elementor-widget elementor-widget-searchwp_search_form\" data-id=\"3200f36\" data-element_type=\"widget\" data-e-type=\"widget\" data-widget_type=\"searchwp_search_form.default\">\n\t\t\t\t<div class=\"elementor-widget-container\">\n\t\t\t\t\t\t\t<style>\n\t\t\t\n\t\t\t\t\t\t\t#searchwp-form-1 .swp-input,\n                #searchwp-form-1 .swp-select {\n                    border: 1px solid #4687cc;\n                    border-radius: 5px;\n                }\n\t\t\t\t#searchwp-form-1 .searchwp-form-input-container .swp-select {\n                    border-top-right-radius: 0;\n                    border-bottom-right-radius: 0;\n                    border-right: 0;\n                }\n\t\t\t\t#searchwp-form-1 .searchwp-form-input-container .swp-select + .swp-input {\n                    border-top-left-radius: 0;\n                    border-bottom-left-radius: 0;\n                }\n\t\t\t\t#searchwp-form-1 input[type=submit] {\n                    border-radius: 5px;\n                }\n\t\t\t\n\t\t\t\n\t\t\t                #searchwp-form-1 .swp-toggle-checkbox:checked + .swp-toggle-switch,\n                #searchwp-form-1 .swp-toggle-switch--checked  {\n                    background: #4687cc;\n                }\n\t\t\t\n\t\t\t\n\t\t\t\t\t\t\t#searchwp-form-1 input[type=submit] {\n                    background-color: #eb8b46;\n                }\n\t\t\t\n\t\t\t\n\t\t\t\t\t\t\t#searchwp-form-1 input[type=submit] {\n                    color: #ffffff;\n                }\n\t\t\t\n\t\t\t\t\t<\/style>\n\t\t\t\t<form id=\"searchwp-form-1\"\n\t\t\trole=\"search\"\n\t\t\tmethod=\"get\"\n\t\t\tclass=\"searchwp-form\"\n\t\t\taction=\"https:\/\/communicareassessoria.com.br\/imprensa\/resultado-da-pesquisa\/\"\n\t\t\taria-label=\"Search\">\n\t\t\t<input type=\"hidden\" name=\"swp_form[form_id]\" value=\"1\">\n\t\t\t<div class=\"swp-flex--col swp-flex--wrap swp-flex--gap-md\">\n\t\t\t\t<div class=\"swp-flex--row swp-items-stretch swp-flex--gap-md\">\n\t\t\t\t\t<div class=\"searchwp-form-input-container swp-items-stretch\">\n\t\t\t\t\t\t\t\t\t\t\t\t<select class=\"swp-select\"\n\t\t\t\t\t\t\tname=\"swp_tax_limiter[category]\"\n\t\t\t\t\t\t\taria-label=\"Filter by category\">\n\t\t\t\t\t\t\t<option value=\"\">Any Category<\/option>\n\t\t\t\t\t\t\t\t\t\t\t\t\t\t\t\t\t\t\t\t\t\t\t\t\t\t\t\t\t\t\t\t ?>\n\t\t\t\t\t\t\t\t\t<option value=\"1\">HMUT<\/option>\n\t\t\t\t\t\t\t\t\t\t\t\t\t\t\t\t\t\t\t\t\t\t\t\t\t\t\t\t\t\t\t\t\t\t\t\t\t\t\t\t ?>\n\t\t\t\t\t\t\t\t\t<option value=\"15\">IESP<\/option>\n\t\t\t\t\t\t\t\t\t\t\t\t\t\t\t\t\t\t\t\t\t\t\t\t\t\t\t\t\t\t\t\t\t\t\t\t\t\t\t\t ?>\n\t\t\t\t\t\t\t\t\t<option value=\"6\">P\u00e1tio Pinda Hotel &amp; Resort<\/option>\n\t\t\t\t\t\t\t\t\t\t\t\t\t\t\t\t\t\t\t\t\t\t\t\t\t\t\t\t\t\t\t\t\t\t\t\t\t\t\t\t ?>\n\t\t\t\t\t\t\t\t\t<option value=\"17\">Pautas Frias<\/option>\n\t\t\t\t\t\t\t\t\t\t\t\t\t\t\t\t\t\t\t\t\t\t\t\t\t\t\t\t\t\t\t\t\t\t\t\t\t\t\t\t ?>\n\t\t\t\t\t\t\t\t\t<option value=\"4\">Shopping P\u00e1tio Pinda<\/option>\n\t\t\t\t\t\t\t\t\t\t\t\t\t\t\t\t\t\t\t\t\t\t\t\t\t\t\t\t\t\t\t\t\t\t\t\t\t\t\t\t ?>\n\t\t\t\t\t\t\t\t\t<option value=\"5\">Taubat\u00e9 Shopping<\/option>\n\t\t\t\t\t\t\t\t\t\t\t\t\t\t\t\t\t\t\t\t\t\t\t\t\t\t\t\t\t\t\t\t\t\t\t\t\t\t\t\t ?>\n\t\t\t\t\t\t\t\t\t<option value=\"18\">Tenaris<\/option>\n\t\t\t\t\t\t\t\t\t\t\t\t\t\t\t\t\t\t\t\t\t\t<\/select>\n\t\t\t\t\t\t\n\t\t\t\t\t\t\t\t\t\t\t\t\t\t\t\t\t\t<input type=\"search\"\n\t\t\t\t\t\t\tclass=\"swp-input--search swp-input\"\n\t\t\t\t\t\t\tplaceholder=\"\"\n\t\t\t\t\t\t\tvalue=\"\"\n\t\t\t\t\t\t\tname=\"swps\"\n\t\t\t\t\t\t\ttitle=\"\"\n\t\t\t\t\t\t   \taria-label=\"Search\"\n\t\t\t\t\t\t\taria-required=\"false\"\n\t\t\t\t\t\t\t                        \/>\n\t\t\t\t\t<\/div>\n\n\t\t\t\t\t\t\t\t\t\t\t<input type=\"submit\"\n\t\t\t\t\t\t\tclass=\"search-submit swp-button\"\n\t\t\t\t\t\t\tvalue=\"Pesquisar\"\n\t\t\t\t\t\t\taria-label=\"Pesquisar\"\n\t\t\t\t\t\t\/>\n\t\t\t\t\t\n\t\t\t\t<\/div>\n\n\t\t\t\t\t\t\t\t\t\t\t\t\t\t<label class=\"swp-toggle swp-flex--row swp-margin-l-auto swp-flex--gap-md\">\n\t\t\t\t\t\t<input class=\"swp-toggle-checkbox\" type=\"checkbox\" autocomplete=\"off\" disabled \/>\n\t\t\t\t\t\t<div class=\"swp-toggle-switch swp-toggle-switch--mini\"\n\t\t\t\t\t\t\trole=\"switch\"\n\t\t\t\t\t\t\taria-label=\"Toggle advanced search options\"\n\t\t\t\t\t\t\taria-checked=\"false\"\n\t\t\t\t\t\t\ttabindex=\"0\"><\/div>\n\t\t\t\t\t\t<span class=\"swp-p\">\n\t\t\t\t\t\t\tAdvanced Search\t\t\t\t\t\t<\/span>\n\t\t\t\t\t<\/label>\n\t\t\t\t\t<div class=\"searchwp-form-advanced-filters swp-flex--row swp-flex--gap-sm\"\n\t\t\t\t\t\tstyle=\"display: none;\"\t\t\t\t\t\trole=\"region\"\n\t\t\t\t\t\taria-label=\"Advanced search filters\">\n\t\t\t\t\t\t\t\t\t\t\t\t\t\t<select class=\"swp-select\" name=\"swp_tax_limiter[post_tag]\" aria-label=\"Filter by tag\" disabled='disabled'><option value=\"\">Any Tag<\/option><option value=\"35\" title=\"programa\u00e7\u00e3o\">programa\u00e7\u00e3o<\/option><option value=\"48\" title=\"shopping\">shopping<\/option><option value=\"82\" title=\"gratuita\">gratuita<\/option><option value=\"63\" title=\"sa\u00fade\">sa\u00fade<\/option><option value=\"41\" title=\"natal\">natal<\/option><option value=\"77\" title=\"f\u00e9rias\">f\u00e9rias<\/option><option value=\"40\" title=\"promo\u00e7\u00e3o\">promo\u00e7\u00e3o<\/option><option value=\"21\" title=\"stand-up\">stand-up<\/option><option value=\"31\" title=\"cinema\">cinema<\/option><option value=\"121\" title=\"m\u00eas da mulher\">m\u00eas da mulher<\/option><option value=\"91\" title=\"carnaval\">carnaval<\/option><option value=\"26\" title=\"conscientiza\u00e7\u00e3o\">conscientiza\u00e7\u00e3o<\/option><option value=\"39\" title=\"comunica\u00e7\u00e3o\">comunica\u00e7\u00e3o<\/option><option value=\"66\" title=\"gest\u00e3o\">gest\u00e3o<\/option><option value=\"36\" title=\"encontro\">encontro<\/option><option value=\"50\" title=\"exposi\u00e7\u00e3o\">exposi\u00e7\u00e3o<\/option><option value=\"107\" title=\"inclus\u00e3o\">inclus\u00e3o<\/option><option value=\"163\" title=\"cultural\">cultural<\/option><option value=\"114\" title=\"festival\">festival<\/option><option value=\"128\" title=\"videogame\">videogame<\/option><option value=\"69\" title=\"turismo\">turismo<\/option><option value=\"127\" title=\"museu\">museu<\/option><option value=\"142\" title=\"gestantes\">gestantes<\/option><option value=\"71\" title=\"hor\u00e1rio estendido\">hor\u00e1rio estendido<\/option><option value=\"72\" title=\"com\u00e9rcio\">com\u00e9rcio<\/option><option value=\"73\" title=\"oficinas\">oficinas<\/option><option value=\"93\" title=\"guerreiras k-pop\">guerreiras k-pop<\/option><option value=\"92\" title=\"semana do cinema\">semana do cinema<\/option><option value=\"81\" title=\"ganhador\">ganhador<\/option><option value=\"90\" title=\"tend\u00eancias\">tend\u00eancias<\/option><option value=\"148\" title=\"p\u00e1scoa\">p\u00e1scoa<\/option><option value=\"87\" title=\"HMUT\">HMUT<\/option><option value=\"57\" title=\"capacita\u00e7\u00e3o\">capacita\u00e7\u00e3o<\/option><option value=\"78\" title=\"sald\u00e3o\">sald\u00e3o<\/option><option value=\"161\" title=\"IR\">IR<\/option><option value=\"28\" title=\"xadrez\">xadrez<\/option><option value=\"42\" title=\"black friday\">black friday<\/option><option value=\"24\" title=\"A\u00e7\u00e3o Social\">A\u00e7\u00e3o Social<\/option><option value=\"156\" title=\"infantil\">infantil<\/option><option value=\"22\" title=\"Varejo\">Varejo<\/option><option value=\"23\" title=\"Natal Solid\u00e1rio\">Natal Solid\u00e1rio<\/option><option value=\"167\" title=\"Monteiro Lobato\">Monteiro Lobato<\/option><option value=\"113\" title=\"dia da com\u00e9dia\">dia da com\u00e9dia<\/option><option value=\"112\" title=\"cliente\">cliente<\/option><option value=\"166\" title=\"a\u00e7\u00e3o gratuita\">a\u00e7\u00e3o gratuita<\/option><\/select>\t\t\t\t\t<\/div>\n\t\t\t\t\n\t\t\t\t\t\t\t<\/div>\n\t\t\t\t\t<\/form>\n\t\t\t\t\t\t<\/div>\n\t\t\t\t<\/div>\n\t\t\t\t\t<\/div>\n\t\t\t\t<\/div>\n\t\t<div class=\"elementor-element elementor-element-36c892b e-flex e-con-boxed wpr-particle-no wpr-jarallax-no wpr-parallax-no wpr-sticky-section-no e-con e-parent\" data-id=\"36c892b\" data-element_type=\"container\" data-e-type=\"container\">\n\t\t\t\t\t<div class=\"e-con-inner\">\n\t\t\t\t<div class=\"elementor-element elementor-element-9a6d230 elementor-widget elementor-widget-spacer\" data-id=\"9a6d230\" data-element_type=\"widget\" data-e-type=\"widget\" data-widget_type=\"spacer.default\">\n\t\t\t\t\t\t\t<div class=\"elementor-spacer\">\n\t\t\t<div class=\"elementor-spacer-inner\"><\/div>\n\t\t<\/div>\n\t\t\t\t\t\t<\/div>\n\t\t\t\t\t<\/div>\n\t\t\t\t<\/div>\n\t\t\t\t<\/div>\n\t\t","protected":false},"excerpt":{"rendered":"<p>Pesquisa Avan\u00e7ada Any Category?>HMUT?>IESP?>P\u00e1tio Pinda Hotel &amp; Resort?>Pautas Frias?>Shopping P\u00e1tio Pinda?>Taubat\u00e9 Shopping?>Tenaris Advanced Search Any Tagstand-upVarejoNatal Solid\u00e1rioA\u00e7\u00e3o Sociallivroterrorprograma\u00e7\u00e3oencontrocarrosLan\u00e7amentocinemacircocampeonatoxadrezbeb\u00eas prematurosconscientiza\u00e7\u00e3oNovembro Roxo\u00f4nibus<\/p>\n","protected":false},"author":2,"featured_media":0,"parent":0,"menu_order":0,"comment_status":"closed","ping_status":"closed","template":"","meta":{"footnotes":""},"class_list":["post-1602","page","type-page","status-publish","hentry"],"_links":{"self":[{"href":"https:\/\/communicareassessoria.com.br\/imprensa\/wp-json\/wp\/v2\/pages\/1602","targetHints":{"allow":["GET"]}}],"collection":[{"href":"https:\/\/communicareassessoria.com.br\/imprensa\/wp-json\/wp\/v2\/pages"}],"about":[{"href":"https:\/\/communicareassessoria.com.br\/imprensa\/wp-json\/wp\/v2\/types\/page"}],"author":[{"embeddable":true,"href":"https:\/\/communicareassessoria.com.br\/imprensa\/wp-json\/wp\/v2\/users\/2"}],"replies":[{"embeddable":true,"href":"https:\/\/communicareassessoria.com.br\/imprensa\/wp-json\/wp\/v2\/comments?post=1602"}],"version-history":[{"count":58,"href":"https:\/\/communicareassessoria.com.br\/imprensa\/wp-json\/wp\/v2\/pages\/1602\/revisions"}],"predecessor-version":[{"id":2228,"href":"https:\/\/communicareassessoria.com.br\/imprensa\/wp-json\/wp\/v2\/pages\/1602\/revisions\/2228"}],"wp:attachment":[{"href":"https:\/\/communicareassessoria.com.br\/imprensa\/wp-json\/wp\/v2\/media?parent=1602"}],"curies":[{"name":"wp","href":"https:\/\/api.w.org\/{rel}","templated":true}]}}